{"id":3,"date":"2026-01-16T11:56:37","date_gmt":"2026-01-16T11:56:37","guid":{"rendered":"https:\/\/auto-tomi.com\/?page_id=3"},"modified":"2026-02-25T19:06:53","modified_gmt":"2026-02-25T19:06:53","slug":"pravila-privatnosti","status":"publish","type":"page","link":"https:\/\/auto-tomi.com\/en\/pravila-privatnosti\/","title":{"rendered":"Privacy Policy"},"content":{"rendered":"<h2 class=\"wp-block-heading\">Who We Are?<\/h2>\n\n\n\n<p>Our website is: <a href=\"https:\/\/auto-tomi.com\/en\/\" title=\"https:\/\/auto-tomi.com\">https:\/\/auto-tomi.com<\/a>.<\/p>\n\n\n\n<p><\/p>\n\n\n\n<p>We value your privacy and are committed to protecting your personal data.&nbsp;<\/p>\n\n\n\n<ol class=\"wp-block-list\">\n<li>Information we collect<\/li>\n<\/ol>\n\n\n\n<p>We collect personal data in several ways when you use our website:<\/p>\n\n\n\n<p>Contact Form: When you fill out the contact form on our website, we collect the information you provide, including your name, email address, and any other information you include in your message.<\/p>\n\n\n\n<ol start=\"2\" class=\"wp-block-list\">\n<li>How we use your data<\/li>\n<\/ol>\n\n\n\n<p>We use your personal data for the following purposes:<\/p>\n\n\n\n<p>Communication: To respond to your enquiries or requests submitted via our contact form.<\/p>\n\n\n\n<ol start=\"3\" class=\"wp-block-list\">\n<li>Cookies<\/li>\n<\/ol>\n\n\n\n<p>Our website uses cookies to improve your user experience, including for advertising purposes. Cookies are small text files stored on your device. Google uses cookies to track ad performance and to personalise ads based on your interests.<\/p>\n\n\n\n<p>You can manage your cookie settings through your browser and choose to block cookies. However, please note that disabling cookies may affect the functionality of our services.<\/p>\n\n\n\n<ol start=\"4\" class=\"wp-block-list\">\n<li>Sharing your data<\/li>\n<\/ol>\n\n\n\n<p>Your data will not be sold, rented, or shared with third parties, except where necessary to provide our services or where we are legally obligated to do so.<\/p>\n\n\n\n<ol start=\"5\" class=\"wp-block-list\">\n<li>Data Security<\/li>\n<\/ol>\n\n\n\n<p>We take appropriate security measures to protect your personal data from unauthorised access, use, or disclosure. While we make every effort to protect your information, please be aware that no method of transmission over the internet is completely secure.<\/p>\n\n\n\n<ol start=\"6\" class=\"wp-block-list\">\n<li>Prava korisnika<\/li>\n<\/ol>\n\n\n\n<p>Imate pravo na pristup, ispravak, prijenos ili brisanje va\u0161ih osobnih podataka. Ako \u017eelite ostvariti svoja prava ili imate pitanja u vezi s obradom podataka, slobodno nas kontaktirajte.<\/p>\n\n\n\n<ol start=\"7\" class=\"wp-block-list\">\n<li>Changes to our Privacy Policy<\/li>\n<\/ol>\n\n\n\n<p>We reserve the right to amend this Privacy Policy. Any changes will be published on this page with an updated revision date.<\/p>\n\n\n\n<ol start=\"8\" class=\"wp-block-list\">\n<li>Contact<\/li>\n<\/ol>\n\n\n\n<p>If you have any questions regarding this Privacy Policy or how we process your personal data, please feel free to contact us at: [info@auto-tomi.com]<\/p>\n\n\n\n<p class=\"has-ast-global-color-2-color has-ast-global-color-4-background-color has-text-color has-background has-link-color has-medium-font-size wp-elements-f584b23d14eede38e78414e4b8b935a5\">info@auto-tomi.com<\/p>\n\n\n\n<p><\/p>","protected":false},"excerpt":{"rendered":"<p>TKO SMO? Na\u0161a web stranica je: https:\/\/auto-tomi.com. Cijenimo va\u0161u privatnost i posve\u0107eni smo za\u0161titi va\u0161ih osobnih podataka.&nbsp; Prikupljamo osobne podatke na nekoliko na\u010dina kada koristite na\u0161u web stranicu: Kontakt obrazac: Kada ispunite kontakt obrazac na na\u0161oj web stranici, prikupljamo informacije koje pru\u017eite, uklju\u010duju\u0107i va\u0161e ime, e-mail adresu i druge informacije koje uklju\u010dite u poruku. Va\u0161e [&hellip;]<\/p>","protected":false},"author":1,"featured_media":0,"parent":0,"menu_order":0,"comment_status":"closed","ping_status":"closed","template":"","meta":{"site-sidebar-layout":"default","site-content-layout":"","ast-site-content-layout":"default","site-content-style":"default","site-sidebar-style":"default","ast-global-header-display":"","ast-banner-title-visibility":"","ast-main-header-display":"","ast-hfb-above-header-display":"","ast-hfb-below-header-display":"","ast-hfb-mobile-header-display":"","site-post-title":"","ast-breadcrumbs-content":"","ast-featured-img":"","footer-sml-layout":"","ast-disable-related-posts":"","theme-transparent-header-meta":"","adv-header-id-meta":"","stick-header-meta":"","header-above-stick-meta":"","header-main-stick-meta":"","header-below-stick-meta":"","astra-migrate-meta-layouts":"set","ast-page-background-enabled":"default","ast-page-background-meta":{"desktop":{"background-color":"","background-image":"","background-repeat":"repeat","background-position":"center center","background-size":"auto","background-attachment":"scroll","background-type":"","background-media":"","overlay-type":"","overlay-color":"","overlay-opacity":"","overlay-gradient":""},"tablet":{"background-color":"","background-image":"","background-repeat":"repeat","background-position":"center center","background-size":"auto","background-attachment":"scroll","background-type":"","background-media":"","overlay-type":"","overlay-color":"","overlay-opacity":"","overlay-gradient":""},"mobile":{"background-color":"","background-image":"","background-repeat":"repeat","background-position":"center center","background-size":"auto","background-attachment":"scroll","background-type":"","background-media":"","overlay-type":"","overlay-color":"","overlay-opacity":"","overlay-gradient":""}},"ast-content-background-meta":{"desktop":{"background-color":"var(--ast-global-color-5)","background-image":"","background-repeat":"repeat","background-position":"center center","background-size":"auto","background-attachment":"scroll","background-type":"","background-media":"","overlay-type":"","overlay-color":"","overlay-opacity":"","overlay-gradient":""},"tablet":{"background-color":"var(--ast-global-color-5)","background-image":"","background-repeat":"repeat","background-position":"center center","background-size":"auto","background-attachment":"scroll","background-type":"","background-media":"","overlay-type":"","overlay-color":"","overlay-opacity":"","overlay-gradient":""},"mobile":{"background-color":"var(--ast-global-color-5)","background-image":"","background-repeat":"repeat","background-position":"center center","background-size":"auto","background-attachment":"scroll","background-type":"","background-media":"","overlay-type":"","overlay-color":"","overlay-opacity":"","overlay-gradient":""}},"slim_seo":{"title":"PRAVILA PRIVATNOSTI - Auto Tomi","description":"TKO SMO? Na\u0161a web stranica je: https:\/\/auto-tomi.com . Cijenimo va\u0161u privatnost i posve\u0107eni smo za\u0161titi va\u0161ih osobnih podataka.&nbsp; Prikupljamo osobne podatke"},"footnotes":""},"class_list":["post-3","page","type-page","status-publish","hentry"],"_links":{"self":[{"href":"https:\/\/auto-tomi.com\/en\/wp-json\/wp\/v2\/pages\/3","targetHints":{"allow":["GET"]}}],"collection":[{"href":"https:\/\/auto-tomi.com\/en\/wp-json\/wp\/v2\/pages"}],"about":[{"href":"https:\/\/auto-tomi.com\/en\/wp-json\/wp\/v2\/types\/page"}],"author":[{"embeddable":true,"href":"https:\/\/auto-tomi.com\/en\/wp-json\/wp\/v2\/users\/1"}],"replies":[{"embeddable":true,"href":"https:\/\/auto-tomi.com\/en\/wp-json\/wp\/v2\/comments?post=3"}],"version-history":[{"count":10,"href":"https:\/\/auto-tomi.com\/en\/wp-json\/wp\/v2\/pages\/3\/revisions"}],"predecessor-version":[{"id":4339,"href":"https:\/\/auto-tomi.com\/en\/wp-json\/wp\/v2\/pages\/3\/revisions\/4339"}],"wp:attachment":[{"href":"https:\/\/auto-tomi.com\/en\/wp-json\/wp\/v2\/media?parent=3"}],"curies":[{"name":"wp","href":"https:\/\/api.w.org\/{rel}","templated":true}]}}